{"id":2269,"date":"2021-12-15T12:27:33","date_gmt":"2021-12-15T11:27:33","guid":{"rendered":"https:\/\/cabinetmasante.ma\/beta\/?page_id=2269"},"modified":"2021-12-27T15:21:51","modified_gmt":"2021-12-27T14:21:51","slug":"therapies-psychologiques","status":"publish","type":"page","link":"https:\/\/cabinetmasante.ma\/beta\/therapies-psychologiques\/","title":{"rendered":"Th\u00e9rapies psychologiques"},"content":{"rendered":"\t\t<div data-elementor-type=\"wp-page\" data-elementor-id=\"2269\" class=\"elementor elementor-2269\" data-elementor-settings=\"[]\">\n\t\t\t\t\t\t<div class=\"elementor-inner\">\n\t\t\t\t\t\t\t<div class=\"elementor-section-wrap\">\n\t\t\t\t\t\t\t<section class=\"elementor-section elementor-top-section elementor-element elementor-element-73d7c21 elementor-section-boxed elementor-section-height-default elementor-section-height-default\" data-id=\"73d7c21\" data-element_type=\"section\">\n\t\t\t\t\t\t<div class=\"elementor-container elementor-column-gap-default\">\n\t\t\t\t\t\t\t<div class=\"elementor-row\">\n\t\t\t\t\t<div class=\"elementor-column elementor-col-100 elementor-top-column elementor-element elementor-element-b64a1ae\" data-id=\"b64a1ae\" data-element_type=\"column\">\n\t\t\t<div class=\"elementor-column-wrap elementor-element-populated\">\n\t\t\t\t\t\t\t<div class=\"elementor-widget-wrap\">\n\t\t\t\t\t\t<div class=\"elementor-element elementor-element-1bf9ff4 elementor-arrows-position-inside elementor-widget elementor-widget-image-carousel\" data-id=\"1bf9ff4\" data-element_type=\"widget\" data-settings=\"{&quot;slides_to_show&quot;:&quot;1&quot;,&quot;navigation&quot;:&quot;arrows&quot;,&quot;autoplay&quot;:&quot;yes&quot;,&quot;pause_on_hover&quot;:&quot;yes&quot;,&quot;pause_on_interaction&quot;:&quot;yes&quot;,&quot;autoplay_speed&quot;:5000,&quot;infinite&quot;:&quot;yes&quot;,&quot;effect&quot;:&quot;slide&quot;,&quot;speed&quot;:500}\" data-widget_type=\"image-carousel.default\">\n\t\t\t\t<div class=\"elementor-widget-container\">\n\t\t\t\t\t<div class=\"elementor-image-carousel-wrapper swiper-container\" dir=\"ltr\">\n\t\t\t<div class=\"elementor-image-carousel swiper-wrapper\">\n\t\t\t\t\t\t\t\t<div class=\"swiper-slide\"><figure class=\"swiper-slide-inner\"><img decoding=\"async\" class=\"swiper-slide-image\" src=\"https:\/\/cabinetmasante.ma\/beta\/wp-content\/uploads\/2021\/12\/Therapies-psychologiques.jpeg\" alt=\"Th\u00e9rapies-psychologiques\" \/><\/figure><\/div>\t\t\t<\/div>\n\t\t\t\t\t<\/div>\n\t\t\t\t<\/div>\n\t\t\t\t<\/div>\n\t\t\t\t\t\t<\/div>\n\t\t\t\t\t<\/div>\n\t\t<\/div>\n\t\t\t\t\t\t\t\t<\/div>\n\t\t\t\t\t<\/div>\n\t\t<\/section>\n\t\t\t\t<section class=\"elementor-section elementor-top-section elementor-element elementor-element-52805b3 elementor-section-boxed elementor-section-height-default elementor-section-height-default\" data-id=\"52805b3\" data-element_type=\"section\">\n\t\t\t\t\t\t<div class=\"elementor-container elementor-column-gap-default\">\n\t\t\t\t\t\t\t<div class=\"elementor-row\">\n\t\t\t\t\t<div class=\"elementor-column elementor-col-100 elementor-top-column elementor-element elementor-element-736931d\" data-id=\"736931d\" data-element_type=\"column\">\n\t\t\t<div class=\"elementor-column-wrap elementor-element-populated\">\n\t\t\t\t\t\t\t<div class=\"elementor-widget-wrap\">\n\t\t\t\t\t\t<div class=\"elementor-element elementor-element-7d8cc8b elementor-widget elementor-widget-spacer\" data-id=\"7d8cc8b\" data-element_type=\"widget\" data-widget_type=\"spacer.default\">\n\t\t\t\t<div class=\"elementor-widget-container\">\n\t\t\t\t\t<div class=\"elementor-spacer\">\n\t\t\t<div class=\"elementor-spacer-inner\"><\/div>\n\t\t<\/div>\n\t\t\t\t<\/div>\n\t\t\t\t<\/div>\n\t\t\t\t\t\t<\/div>\n\t\t\t\t\t<\/div>\n\t\t<\/div>\n\t\t\t\t\t\t\t\t<\/div>\n\t\t\t\t\t<\/div>\n\t\t<\/section>\n\t\t\t\t<section class=\"elementor-section elementor-top-section elementor-element elementor-element-06986f1 elementor-section-boxed elementor-section-height-default elementor-section-height-default\" data-id=\"06986f1\" data-element_type=\"section\">\n\t\t\t\t\t\t<div class=\"elementor-container elementor-column-gap-default\">\n\t\t\t\t\t\t\t<div class=\"elementor-row\">\n\t\t\t\t\t<div class=\"elementor-column elementor-col-100 elementor-top-column elementor-element elementor-element-14f9006\" data-id=\"14f9006\" data-element_type=\"column\">\n\t\t\t<div class=\"elementor-column-wrap elementor-element-populated\">\n\t\t\t\t\t\t\t<div class=\"elementor-widget-wrap\">\n\t\t\t\t\t\t<div class=\"elementor-element elementor-element-368b31c elementor-widget elementor-widget-heading\" data-id=\"368b31c\" data-element_type=\"widget\" data-widget_type=\"heading.default\">\n\t\t\t\t<div class=\"elementor-widget-container\">\n\t\t\t<h3 class=\"elementor-heading-title elementor-size-default\">Gestion de stress<\/h3>\t\t<\/div>\n\t\t\t\t<\/div>\n\t\t\t\t\t\t<\/div>\n\t\t\t\t\t<\/div>\n\t\t<\/div>\n\t\t\t\t\t\t\t\t<\/div>\n\t\t\t\t\t<\/div>\n\t\t<\/section>\n\t\t\t\t<section class=\"elementor-section elementor-top-section elementor-element elementor-element-cecf89e elementor-section-boxed elementor-section-height-default elementor-section-height-default\" data-id=\"cecf89e\" data-element_type=\"section\">\n\t\t\t\t\t\t<div class=\"elementor-container elementor-column-gap-default\">\n\t\t\t\t\t\t\t<div class=\"elementor-row\">\n\t\t\t\t\t<div class=\"elementor-column elementor-col-100 elementor-top-column elementor-element elementor-element-1855173\" data-id=\"1855173\" data-element_type=\"column\">\n\t\t\t<div class=\"elementor-column-wrap\">\n\t\t\t\t\t\t\t<div class=\"elementor-widget-wrap\">\n\t\t\t\t\t\t\t\t<\/div>\n\t\t\t\t\t<\/div>\n\t\t<\/div>\n\t\t\t\t\t\t\t\t<\/div>\n\t\t\t\t\t<\/div>\n\t\t<\/section>\n\t\t\t\t<section class=\"elementor-section elementor-top-section elementor-element elementor-element-1fe7d70 elementor-section-boxed elementor-section-height-default elementor-section-height-default\" data-id=\"1fe7d70\" data-element_type=\"section\">\n\t\t\t\t\t\t<div class=\"elementor-container elementor-column-gap-default\">\n\t\t\t\t\t\t\t<div class=\"elementor-row\">\n\t\t\t\t\t<div class=\"elementor-column elementor-col-100 elementor-top-column elementor-element elementor-element-5461592\" data-id=\"5461592\" data-element_type=\"column\">\n\t\t\t<div class=\"elementor-column-wrap elementor-element-populated\">\n\t\t\t\t\t\t\t<div class=\"elementor-widget-wrap\">\n\t\t\t\t\t\t<div class=\"elementor-element elementor-element-bb7b826 elementor-widget elementor-widget-text-editor\" data-id=\"bb7b826\" data-element_type=\"widget\" data-widget_type=\"text-editor.default\">\n\t\t\t\t<div class=\"elementor-widget-container\">\n\t\t\t\t\t\t\t\t<div class=\"elementor-text-editor elementor-clearfix\">\n\t\t\t\t<p style=\"margin-bottom: 14px;\">Le stress est une r\u00e9action normale d\u2019adaptation de l\u2019organisme destin\u00e9e \u00e0 r\u00e9pondre \u00e0 une agression physique ou \u00e9motionnelle. En \u00e9tat de stress, 2 hormones sont alors s\u00e9cr\u00e9t\u00e9es par les sun\u00e9males situ\u00e9es juste au dessus des reins : l\u2019adr\u00e9naline et le cortisol. L\u2019\u00e9l\u00e9vation de leur taux dans le sang s\u2019accompagne d\u2019une acc\u00e9l\u00e9ration du rythme cardiaque, d\u2019une augmentation de la fr\u00e9quence respiratoire et d\u2019une \u00e9l\u00e9vation de la pression art\u00e9rielle. Lorsque la stimulation devient trop forte ou trop r\u00e9p\u00e9titive, les capacit\u00e9s d\u2019adaptation de l\u2019organisme sont rapidement d\u00e9bord\u00e9es, il ne peut plus lutter.\n<strong>Les m\u00e9thodes de gestion du stress :<\/strong>\nDiff\u00e9rents outils th\u00e9rapeutiques (auriculoth\u00e9rapie, acupuncture, hypnose, micro nutrition) seront choisis pour chaque patient en fonction de l\u2019origine et du retentissement de son stress.<\/p>\t\t\t\t\t<\/div>\n\t\t\t\t\t\t<\/div>\n\t\t\t\t<\/div>\n\t\t\t\t\t\t<\/div>\n\t\t\t\t\t<\/div>\n\t\t<\/div>\n\t\t\t\t\t\t\t\t<\/div>\n\t\t\t\t\t<\/div>\n\t\t<\/section>\n\t\t\t\t<section class=\"elementor-section elementor-top-section elementor-element elementor-element-233ea5c elementor-section-boxed elementor-section-height-default elementor-section-height-default\" data-id=\"233ea5c\" data-element_type=\"section\">\n\t\t\t\t\t\t<div class=\"elementor-container elementor-column-gap-default\">\n\t\t\t\t\t\t\t<div class=\"elementor-row\">\n\t\t\t\t\t<div class=\"elementor-column elementor-col-100 elementor-top-column elementor-element elementor-element-98d1296\" data-id=\"98d1296\" data-element_type=\"column\">\n\t\t\t<div class=\"elementor-column-wrap elementor-element-populated\">\n\t\t\t\t\t\t\t<div class=\"elementor-widget-wrap\">\n\t\t\t\t\t\t<div class=\"elementor-element elementor-element-757ad2d elementor-widget elementor-widget-heading\" data-id=\"757ad2d\" data-element_type=\"widget\" data-widget_type=\"heading.default\">\n\t\t\t\t<div class=\"elementor-widget-container\">\n\t\t\t<h3 class=\"elementor-heading-title elementor-size-default\">L\u2019hypnose<\/h3>\t\t<\/div>\n\t\t\t\t<\/div>\n\t\t\t\t\t\t<\/div>\n\t\t\t\t\t<\/div>\n\t\t<\/div>\n\t\t\t\t\t\t\t\t<\/div>\n\t\t\t\t\t<\/div>\n\t\t<\/section>\n\t\t\t\t<section class=\"elementor-section elementor-top-section elementor-element elementor-element-86a304d elementor-section-boxed elementor-section-height-default elementor-section-height-default\" data-id=\"86a304d\" data-element_type=\"section\">\n\t\t\t\t\t\t<div class=\"elementor-container elementor-column-gap-default\">\n\t\t\t\t\t\t\t<div class=\"elementor-row\">\n\t\t\t\t\t<div class=\"elementor-column elementor-col-100 elementor-top-column elementor-element elementor-element-2878a3c\" data-id=\"2878a3c\" data-element_type=\"column\">\n\t\t\t<div class=\"elementor-column-wrap elementor-element-populated\">\n\t\t\t\t\t\t\t<div class=\"elementor-widget-wrap\">\n\t\t\t\t\t\t<div class=\"elementor-element elementor-element-0472b01 elementor-widget elementor-widget-spacer\" data-id=\"0472b01\" data-element_type=\"widget\" data-widget_type=\"spacer.default\">\n\t\t\t\t<div class=\"elementor-widget-container\">\n\t\t\t\t\t<div class=\"elementor-spacer\">\n\t\t\t<div class=\"elementor-spacer-inner\"><\/div>\n\t\t<\/div>\n\t\t\t\t<\/div>\n\t\t\t\t<\/div>\n\t\t\t\t\t\t<\/div>\n\t\t\t\t\t<\/div>\n\t\t<\/div>\n\t\t\t\t\t\t\t\t<\/div>\n\t\t\t\t\t<\/div>\n\t\t<\/section>\n\t\t\t\t<section class=\"elementor-section elementor-top-section elementor-element elementor-element-5999d70 elementor-section-boxed elementor-section-height-default elementor-section-height-default\" data-id=\"5999d70\" data-element_type=\"section\">\n\t\t\t\t\t\t<div class=\"elementor-container elementor-column-gap-default\">\n\t\t\t\t\t\t\t<div class=\"elementor-row\">\n\t\t\t\t\t<div class=\"elementor-column elementor-col-100 elementor-top-column elementor-element elementor-element-6dc2566\" data-id=\"6dc2566\" data-element_type=\"column\">\n\t\t\t<div class=\"elementor-column-wrap elementor-element-populated\">\n\t\t\t\t\t\t\t<div class=\"elementor-widget-wrap\">\n\t\t\t\t\t\t<div class=\"elementor-element elementor-element-9b518fa elementor-widget elementor-widget-text-editor\" data-id=\"9b518fa\" data-element_type=\"widget\" data-widget_type=\"text-editor.default\">\n\t\t\t\t<div class=\"elementor-widget-container\">\n\t\t\t\t\t\t\t\t<div class=\"elementor-text-editor elementor-clearfix\">\n\t\t\t\t<p style=\"margin-bottom: 14px;\"><strong>\u00ab Tu n\u2019y verras clair qu\u2019en regardant en toi .Qui regarde l\u2019ext\u00e9rieur r\u00eave ; qui regarde en lui-m\u00eame s\u2019\u00e9veille \u00bb<\/strong> De Carl Gustave Jung.<br \/>Il a \u00e9t\u00e9 d\u00e9montr\u00e9 que la plupart des gens n\u2019utilisent que 10% de la capacit\u00e9 de leur cerveau. L\u2019hypnose permet d\u2019augmenter cette utilisation et de mettre enfin \u00e0 contribution les forces cach\u00e9es de notre esprit. C\u2019est un mode de fonctionnement psychologique privil\u00e9gi\u00e9 dans lequel le sujet se d\u00e9tache de son environnement pour fonctionner \u00e0 un niveau inconscient provoquant un changement comportemental, physique, psychique.<br \/>M\u00e9thode de choix pour accompagner un amaigrissement, un sevrage tabagique, une aide pour lutter contre le stress, les addictions et les douleurs.<br \/>Sevrage tabagique :<br \/>Plusieurs techniques s\u2019allient pour obtenir la suppression du besoin de fumer par action au niveau des zones c\u00e9r\u00e9brales responsables de d\u00e9pendances. Cela permet un arr\u00eat facile sans stress ni compulsions alimentaires compensatrices.<\/p>\t\t\t\t\t<\/div>\n\t\t\t\t\t\t<\/div>\n\t\t\t\t<\/div>\n\t\t\t\t\t\t<\/div>\n\t\t\t\t\t<\/div>\n\t\t<\/div>\n\t\t\t\t\t\t\t\t<\/div>\n\t\t\t\t\t<\/div>\n\t\t<\/section>\n\t\t\t\t<section class=\"elementor-section elementor-top-section elementor-element elementor-element-ec0110d elementor-section-boxed elementor-section-height-default elementor-section-height-default\" data-id=\"ec0110d\" data-element_type=\"section\" data-settings=\"{&quot;background_background&quot;:&quot;classic&quot;}\">\n\t\t\t\t\t\t<div class=\"elementor-container elementor-column-gap-default\">\n\t\t\t\t\t\t\t<div class=\"elementor-row\">\n\t\t\t\t\t<div class=\"elementor-column elementor-col-100 elementor-top-column elementor-element elementor-element-8f33829\" data-id=\"8f33829\" data-element_type=\"column\">\n\t\t\t<div class=\"elementor-column-wrap elementor-element-populated\">\n\t\t\t\t\t\t\t<div class=\"elementor-widget-wrap\">\n\t\t\t\t\t\t<section class=\"elementor-section elementor-inner-section elementor-element elementor-element-171e6aa elementor-section-content-middle elementor-section-boxed elementor-section-height-default elementor-section-height-default\" data-id=\"171e6aa\" data-element_type=\"section\" data-settings=\"{&quot;background_background&quot;:&quot;classic&quot;}\">\n\t\t\t\t\t\t<div class=\"elementor-container elementor-column-gap-default\">\n\t\t\t\t\t\t\t<div class=\"elementor-row\">\n\t\t\t\t\t<div class=\"elementor-column elementor-col-33 elementor-inner-column elementor-element elementor-element-f4e5a9e\" data-id=\"f4e5a9e\" data-element_type=\"column\" data-settings=\"{&quot;background_background&quot;:&quot;classic&quot;}\">\n\t\t\t<div class=\"elementor-column-wrap elementor-element-populated\">\n\t\t\t\t\t\t\t<div class=\"elementor-widget-wrap\">\n\t\t\t\t\t\t<div class=\"elementor-element elementor-element-8a8621c elementor-widget elementor-widget-spacer\" data-id=\"8a8621c\" data-element_type=\"widget\" data-widget_type=\"spacer.default\">\n\t\t\t\t<div class=\"elementor-widget-container\">\n\t\t\t\t\t<div class=\"elementor-spacer\">\n\t\t\t<div class=\"elementor-spacer-inner\"><\/div>\n\t\t<\/div>\n\t\t\t\t<\/div>\n\t\t\t\t<\/div>\n\t\t\t\t<div class=\"elementor-element elementor-element-889c3a6 elementor-widget elementor-widget-wgl-double-headings\" data-id=\"889c3a6\" data-element_type=\"widget\" data-widget_type=\"wgl-double-headings.default\">\n\t\t\t\t<div class=\"elementor-widget-container\">\n\t\t\t<div class=\"wgl-double_heading aleft\">                <h3 class=\"dbl-title_wrapper\"><span class=\"dbl-title dbl-title_1\">Veuillez remplir la formulaire pour prendre <\/span> <span class=\"dbl-title dbl-title_2\">un rendez-vous<\/span>                 <\/h3>        <\/div>\t\t<\/div>\n\t\t\t\t<\/div>\n\t\t\t\t<div class=\"elementor-element elementor-element-1d256dd elementor-widget elementor-widget-spacer\" data-id=\"1d256dd\" data-element_type=\"widget\" data-widget_type=\"spacer.default\">\n\t\t\t\t<div class=\"elementor-widget-container\">\n\t\t\t\t\t<div class=\"elementor-spacer\">\n\t\t\t<div class=\"elementor-spacer-inner\"><\/div>\n\t\t<\/div>\n\t\t\t\t<\/div>\n\t\t\t\t<\/div>\n\t\t\t\t\t\t<\/div>\n\t\t\t\t\t<\/div>\n\t\t<\/div>\n\t\t\t\t<div class=\"elementor-column elementor-col-66 elementor-inner-column elementor-element elementor-element-c419ed2\" data-id=\"c419ed2\" data-element_type=\"column\">\n\t\t\t<div class=\"elementor-column-wrap elementor-element-populated\">\n\t\t\t\t\t\t\t<div class=\"elementor-widget-wrap\">\n\t\t\t\t\t\t<div class=\"elementor-element elementor-element-37a3614 elementor-widget elementor-widget-text-editor\" data-id=\"37a3614\" data-element_type=\"widget\" data-widget_type=\"text-editor.default\">\n\t\t\t\t<div class=\"elementor-widget-container\">\n\t\t\t\t\t\t\t\t<div class=\"elementor-text-editor elementor-clearfix\">\n\t\t\t\t<div role=\"form\" class=\"wpcf7\" id=\"wpcf7-f2031-o1\" lang=\"en-US\" dir=\"ltr\">\n<div class=\"screen-reader-response\"><p role=\"status\" aria-live=\"polite\" aria-atomic=\"true\"><\/p> <ul><\/ul><\/div>\n<form action=\"\/beta\/wp-json\/wp\/v2\/pages\/2269#wpcf7-f2031-o1\" method=\"post\" class=\"wpcf7-form init\" novalidate=\"novalidate\" data-status=\"init\">\n<div style=\"display: none;\">\n<input type=\"hidden\" name=\"_wpcf7\" value=\"2031\" \/>\n<input type=\"hidden\" name=\"_wpcf7_version\" value=\"5.5.3\" \/>\n<input type=\"hidden\" name=\"_wpcf7_locale\" value=\"en_US\" \/>\n<input type=\"hidden\" name=\"_wpcf7_unit_tag\" value=\"wpcf7-f2031-o1\" \/>\n<input type=\"hidden\" name=\"_wpcf7_container_post\" value=\"0\" \/>\n<input type=\"hidden\" name=\"_wpcf7_posted_data_hash\" value=\"\" \/>\n<\/div>\n<div class='row choose-1'>\n<div class='wgl_col-4'>\n<span class=\"wpcf7-form-control-wrap nom\"><input type=\"text\" name=\"nom\" value=\"\" size=\"40\" class=\"wpcf7-form-control wpcf7-text\" aria-invalid=\"false\" placeholder=\"Nom et Pr\u00e9nom *\" \/><\/span>\n<\/div>\n<div class='wgl_col-4'>\n<span class=\"wpcf7-form-control-wrap tele\"><input type=\"text\" name=\"tele\" value=\"\" size=\"40\" class=\"wpcf7-form-control wpcf7-text\" aria-invalid=\"false\" placeholder=\"T\u00e9le *\" \/><\/span>\n<\/div>\n<div class='wgl_col-4'>\n<span class=\"wpcf7-form-control-wrap email-613\"><input type=\"email\" name=\"email-613\" value=\"\" size=\"40\" class=\"wpcf7-form-control wpcf7-text wpcf7-email wpcf7-validates-as-email\" aria-invalid=\"false\" placeholder=\"Email *\" \/><\/span>\n<\/div>\n<div class='wgl_col-4'>\n<span class=\"wpcf7-form-control-wrap your-service\"><select name=\"your-service\" class=\"wpcf7-form-control wpcf7-select\" aria-invalid=\"false\"><option value=\"Votre service ?\">Votre service ?<\/option><option value=\"Th\u00e9rapies psychologiques\">Th\u00e9rapies psychologiques<\/option><option value=\"M\u00e9decine douce\">M\u00e9decine douce<\/option><option value=\"Diab\u00e8te\">Diab\u00e8te<\/option><option value=\"Nutrition\">Nutrition<\/option><option value=\"M\u00e9decine g\u00e9n\u00e9rale\">M\u00e9decine g\u00e9n\u00e9rale<\/option><option value=\"L\u2019ob\u00e9sit\u00e9\">L\u2019ob\u00e9sit\u00e9<\/option><\/select><\/span>\n<\/div>\n<div class='wgl_col-4'>\n<span class=\"wpcf7-form-control-wrap book-date\"><input type=\"text\" name=\"book-date\" value=\"\" size=\"40\" class=\"wpcf7-form-control wpcf7-text walcf7-datepicker\" aria-invalid=\"false\" placeholder=\"Date\" \/><\/span>\n<\/div>\n<div class='wgl_col-4'>\n<span class=\"wpcf7-form-control-wrap book-time\"><input type=\"text\" name=\"book-time\" value=\"\" size=\"40\" class=\"wpcf7-form-control wpcf7-text walcf7-timepicker\" aria-invalid=\"false\" placeholder=\"Heure*\" \/><\/span>\n<\/div>\n<div class='wgl_col-12'>\n<input type=\"submit\" value=\"Obtenez votre rendez-vous\" class=\"wpcf7-form-control has-spinner wpcf7-submit\" \/>\n<\/div>\n<\/div>\n<div class=\"wpcf7-response-output\" aria-hidden=\"true\"><\/div><\/form><\/div>\t\t\t\t\t<\/div>\n\t\t\t\t\t\t<\/div>\n\t\t\t\t<\/div>\n\t\t\t\t\t\t<\/div>\n\t\t\t\t\t<\/div>\n\t\t<\/div>\n\t\t\t\t\t\t\t\t<\/div>\n\t\t\t\t\t<\/div>\n\t\t<\/section>\n\t\t\t\t\t\t<\/div>\n\t\t\t\t\t<\/div>\n\t\t<\/div>\n\t\t\t\t\t\t\t\t<\/div>\n\t\t\t\t\t<\/div>\n\t\t<\/section>\n\t\t\t\t\t\t<\/div>\n\t\t\t\t\t\t<\/div>\n\t\t\t\t\t<\/div>\n\t\t","protected":false},"excerpt":{"rendered":"<p>Gestion de stress Le stress est une r\u00e9action normale d\u2019adaptation de l\u2019organisme destin\u00e9e \u00e0 r\u00e9pondre \u00e0 une agression physique ou \u00e9motionnelle. En \u00e9tat de stress, 2 hormones sont alors s\u00e9cr\u00e9t\u00e9es par les sun\u00e9males situ\u00e9es juste au dessus des reins : l\u2019adr\u00e9naline et le cortisol. L\u2019\u00e9l\u00e9vation de leur taux dans le sang s\u2019accompagne d\u2019une acc\u00e9l\u00e9ration du [&hellip;]<\/p>\n","protected":false},"author":1,"featured_media":0,"parent":0,"menu_order":0,"comment_status":"closed","ping_status":"closed","template":"","meta":{"footnotes":""},"class_list":["post-2269","page","type-page","status-publish","hentry"],"_links":{"self":[{"href":"https:\/\/cabinetmasante.ma\/beta\/wp-json\/wp\/v2\/pages\/2269","targetHints":{"allow":["GET"]}}],"collection":[{"href":"https:\/\/cabinetmasante.ma\/beta\/wp-json\/wp\/v2\/pages"}],"about":[{"href":"https:\/\/cabinetmasante.ma\/beta\/wp-json\/wp\/v2\/types\/page"}],"author":[{"embeddable":true,"href":"https:\/\/cabinetmasante.ma\/beta\/wp-json\/wp\/v2\/users\/1"}],"replies":[{"embeddable":true,"href":"https:\/\/cabinetmasante.ma\/beta\/wp-json\/wp\/v2\/comments?post=2269"}],"version-history":[{"count":11,"href":"https:\/\/cabinetmasante.ma\/beta\/wp-json\/wp\/v2\/pages\/2269\/revisions"}],"predecessor-version":[{"id":2438,"href":"https:\/\/cabinetmasante.ma\/beta\/wp-json\/wp\/v2\/pages\/2269\/revisions\/2438"}],"wp:attachment":[{"href":"https:\/\/cabinetmasante.ma\/beta\/wp-json\/wp\/v2\/media?parent=2269"}],"curies":[{"name":"wp","href":"https:\/\/api.w.org\/{rel}","templated":true}]}}