{"id":2279,"date":"2021-12-15T15:44:52","date_gmt":"2021-12-15T14:44:52","guid":{"rendered":"https:\/\/cabinetmasante.ma\/beta\/?page_id=2279"},"modified":"2021-12-27T15:53:52","modified_gmt":"2021-12-27T14:53:52","slug":"nutrition-et-diabete","status":"publish","type":"page","link":"https:\/\/cabinetmasante.ma\/beta\/nutrition-et-diabete\/","title":{"rendered":"Nutrition et diab\u00e8te"},"content":{"rendered":"\t\t<div data-elementor-type=\"wp-page\" data-elementor-id=\"2279\" class=\"elementor elementor-2279\" data-elementor-settings=\"[]\">\n\t\t\t\t\t\t<div class=\"elementor-inner\">\n\t\t\t\t\t\t\t<div class=\"elementor-section-wrap\">\n\t\t\t\t\t\t\t<section class=\"elementor-section elementor-top-section elementor-element elementor-element-2f02b37 elementor-section-boxed elementor-section-height-default elementor-section-height-default\" data-id=\"2f02b37\" data-element_type=\"section\">\n\t\t\t\t\t\t<div class=\"elementor-container elementor-column-gap-default\">\n\t\t\t\t\t\t\t<div class=\"elementor-row\">\n\t\t\t\t\t<div class=\"elementor-column elementor-col-100 elementor-top-column elementor-element elementor-element-0e6382e\" data-id=\"0e6382e\" data-element_type=\"column\">\n\t\t\t<div class=\"elementor-column-wrap elementor-element-populated\">\n\t\t\t\t\t\t\t<div class=\"elementor-widget-wrap\">\n\t\t\t\t\t\t<div class=\"elementor-element elementor-element-ed087cf elementor-arrows-position-inside elementor-widget elementor-widget-image-carousel\" data-id=\"ed087cf\" data-element_type=\"widget\" data-settings=\"{&quot;slides_to_show&quot;:&quot;1&quot;,&quot;navigation&quot;:&quot;arrows&quot;,&quot;autoplay&quot;:&quot;yes&quot;,&quot;pause_on_hover&quot;:&quot;yes&quot;,&quot;pause_on_interaction&quot;:&quot;yes&quot;,&quot;autoplay_speed&quot;:5000,&quot;infinite&quot;:&quot;yes&quot;,&quot;effect&quot;:&quot;slide&quot;,&quot;speed&quot;:500}\" data-widget_type=\"image-carousel.default\">\n\t\t\t\t<div class=\"elementor-widget-container\">\n\t\t\t\t\t<div class=\"elementor-image-carousel-wrapper swiper-container\" dir=\"ltr\">\n\t\t\t<div class=\"elementor-image-carousel swiper-wrapper\">\n\t\t\t\t\t\t\t\t<div class=\"swiper-slide\"><figure class=\"swiper-slide-inner\"><img decoding=\"async\" class=\"swiper-slide-image\" src=\"https:\/\/cabinetmasante.ma\/beta\/wp-content\/uploads\/2021\/12\/diabete.jpeg\" alt=\"diab\u00e9te\" \/><\/figure><\/div>\t\t\t<\/div>\n\t\t\t\t\t<\/div>\n\t\t\t\t<\/div>\n\t\t\t\t<\/div>\n\t\t\t\t\t\t<\/div>\n\t\t\t\t\t<\/div>\n\t\t<\/div>\n\t\t\t\t\t\t\t\t<\/div>\n\t\t\t\t\t<\/div>\n\t\t<\/section>\n\t\t\t\t<section class=\"elementor-section elementor-top-section elementor-element elementor-element-e917889 elementor-section-boxed elementor-section-height-default elementor-section-height-default\" data-id=\"e917889\" data-element_type=\"section\">\n\t\t\t\t\t\t<div class=\"elementor-container elementor-column-gap-default\">\n\t\t\t\t\t\t\t<div class=\"elementor-row\">\n\t\t\t\t\t<div class=\"elementor-column elementor-col-100 elementor-top-column elementor-element elementor-element-24f380d\" data-id=\"24f380d\" data-element_type=\"column\">\n\t\t\t<div class=\"elementor-column-wrap elementor-element-populated\">\n\t\t\t\t\t\t\t<div class=\"elementor-widget-wrap\">\n\t\t\t\t\t\t<div class=\"elementor-element elementor-element-ef1b8ae elementor-widget elementor-widget-spacer\" data-id=\"ef1b8ae\" data-element_type=\"widget\" data-widget_type=\"spacer.default\">\n\t\t\t\t<div class=\"elementor-widget-container\">\n\t\t\t\t\t<div class=\"elementor-spacer\">\n\t\t\t<div class=\"elementor-spacer-inner\"><\/div>\n\t\t<\/div>\n\t\t\t\t<\/div>\n\t\t\t\t<\/div>\n\t\t\t\t\t\t<\/div>\n\t\t\t\t\t<\/div>\n\t\t<\/div>\n\t\t\t\t\t\t\t\t<\/div>\n\t\t\t\t\t<\/div>\n\t\t<\/section>\n\t\t\t\t<section class=\"elementor-section elementor-top-section elementor-element elementor-element-cd5e7f8 elementor-section-boxed elementor-section-height-default elementor-section-height-default\" data-id=\"cd5e7f8\" data-element_type=\"section\">\n\t\t\t\t\t\t<div class=\"elementor-container elementor-column-gap-default\">\n\t\t\t\t\t\t\t<div class=\"elementor-row\">\n\t\t\t\t\t<div class=\"elementor-column elementor-col-100 elementor-top-column elementor-element elementor-element-ffed520\" data-id=\"ffed520\" data-element_type=\"column\">\n\t\t\t<div class=\"elementor-column-wrap elementor-element-populated\">\n\t\t\t\t\t\t\t<div class=\"elementor-widget-wrap\">\n\t\t\t\t\t\t<div class=\"elementor-element elementor-element-6e3e0a2 elementor-widget elementor-widget-heading\" data-id=\"6e3e0a2\" data-element_type=\"widget\" data-widget_type=\"heading.default\">\n\t\t\t\t<div class=\"elementor-widget-container\">\n\t\t\t<h3 class=\"elementor-heading-title elementor-size-default\">Ce qu'il faut savoir!<\/h3>\t\t<\/div>\n\t\t\t\t<\/div>\n\t\t\t\t\t\t<\/div>\n\t\t\t\t\t<\/div>\n\t\t<\/div>\n\t\t\t\t\t\t\t\t<\/div>\n\t\t\t\t\t<\/div>\n\t\t<\/section>\n\t\t\t\t<section class=\"elementor-section elementor-top-section elementor-element elementor-element-187a58e elementor-section-boxed elementor-section-height-default elementor-section-height-default\" data-id=\"187a58e\" data-element_type=\"section\">\n\t\t\t\t\t\t<div class=\"elementor-container elementor-column-gap-default\">\n\t\t\t\t\t\t\t<div class=\"elementor-row\">\n\t\t\t\t\t<div class=\"elementor-column elementor-col-100 elementor-top-column elementor-element elementor-element-e2390df\" data-id=\"e2390df\" data-element_type=\"column\">\n\t\t\t<div class=\"elementor-column-wrap elementor-element-populated\">\n\t\t\t\t\t\t\t<div class=\"elementor-widget-wrap\">\n\t\t\t\t\t\t<div class=\"elementor-element elementor-element-181863d elementor-widget elementor-widget-spacer\" data-id=\"181863d\" data-element_type=\"widget\" data-widget_type=\"spacer.default\">\n\t\t\t\t<div class=\"elementor-widget-container\">\n\t\t\t\t\t<div class=\"elementor-spacer\">\n\t\t\t<div class=\"elementor-spacer-inner\"><\/div>\n\t\t<\/div>\n\t\t\t\t<\/div>\n\t\t\t\t<\/div>\n\t\t\t\t\t\t<\/div>\n\t\t\t\t\t<\/div>\n\t\t<\/div>\n\t\t\t\t\t\t\t\t<\/div>\n\t\t\t\t\t<\/div>\n\t\t<\/section>\n\t\t\t\t<section class=\"elementor-section elementor-top-section elementor-element elementor-element-dd304ac elementor-section-boxed elementor-section-height-default elementor-section-height-default\" data-id=\"dd304ac\" data-element_type=\"section\">\n\t\t\t\t\t\t<div class=\"elementor-container elementor-column-gap-default\">\n\t\t\t\t\t\t\t<div class=\"elementor-row\">\n\t\t\t\t\t<div class=\"elementor-column elementor-col-100 elementor-top-column elementor-element elementor-element-ad12cb3\" data-id=\"ad12cb3\" data-element_type=\"column\">\n\t\t\t<div class=\"elementor-column-wrap elementor-element-populated\">\n\t\t\t\t\t\t\t<div class=\"elementor-widget-wrap\">\n\t\t\t\t\t\t<div class=\"elementor-element elementor-element-e42b8ac elementor-widget elementor-widget-text-editor\" data-id=\"e42b8ac\" data-element_type=\"widget\" data-widget_type=\"text-editor.default\">\n\t\t\t\t<div class=\"elementor-widget-container\">\n\t\t\t\t\t\t\t\t<div class=\"elementor-text-editor elementor-clearfix\">\n\t\t\t\t<p style=\"margin-bottom: 14px;\">Le diab\u00e8te est une maladie chronique qui survient lorsque le pancr\u00e9as ne produit pas assez d\u2019insuline ou lorsque l\u2019organisme n\u2019est pas capable d\u2019utiliser efficacement l\u2019insuline qu\u2019il produit. Il en r\u00e9sulte une concentration accrue de glucose dans le sang (hypoglyc\u00e9mie).<\/p><p><strong>Il existe 2 types de diab\u00e8te :<\/strong><br \/><span style=\"color: #0ad420;\">Diab\u00e8te type 1 :<\/span><br \/>ou insulinod\u00e9pendant caract\u00e9ris\u00e9 par une destruction totale des cellules du pancr\u00e9as sp\u00e9cialis\u00e9 dans la production d\u2019insuline.<br \/><span style=\"color: #0ad420;\">Diab\u00e8te type 2 :<\/span><br \/>ou non insulinod\u00e9pendant favoris\u00e9 par le surpoids dont le traitement repose sur un r\u00e9\u00e9quilibrage alimentaire et prise d\u2019antidiab\u00e9tiques oraux.<\/p>\t\t\t\t\t<\/div>\n\t\t\t\t\t\t<\/div>\n\t\t\t\t<\/div>\n\t\t\t\t\t\t<\/div>\n\t\t\t\t\t<\/div>\n\t\t<\/div>\n\t\t\t\t\t\t\t\t<\/div>\n\t\t\t\t\t<\/div>\n\t\t<\/section>\n\t\t\t\t<section class=\"elementor-section elementor-top-section elementor-element elementor-element-6b07718 elementor-section-boxed elementor-section-height-default elementor-section-height-default\" data-id=\"6b07718\" data-element_type=\"section\">\n\t\t\t\t\t\t<div class=\"elementor-container elementor-column-gap-default\">\n\t\t\t\t\t\t\t<div class=\"elementor-row\">\n\t\t\t\t\t<div class=\"elementor-column elementor-col-100 elementor-top-column elementor-element elementor-element-36e84d0\" data-id=\"36e84d0\" data-element_type=\"column\">\n\t\t\t<div class=\"elementor-column-wrap elementor-element-populated\">\n\t\t\t\t\t\t\t<div class=\"elementor-widget-wrap\">\n\t\t\t\t\t\t<div class=\"elementor-element elementor-element-97ccc4c elementor-widget elementor-widget-heading\" data-id=\"97ccc4c\" data-element_type=\"widget\" data-widget_type=\"heading.default\">\n\t\t\t\t<div class=\"elementor-widget-container\">\n\t\t\t<h3 class=\"elementor-heading-title elementor-size-default\">Di\u00e9t\u00e9tique m\u00e9dicale<\/h3>\t\t<\/div>\n\t\t\t\t<\/div>\n\t\t\t\t\t\t<\/div>\n\t\t\t\t\t<\/div>\n\t\t<\/div>\n\t\t\t\t\t\t\t\t<\/div>\n\t\t\t\t\t<\/div>\n\t\t<\/section>\n\t\t\t\t<section class=\"elementor-section elementor-top-section elementor-element elementor-element-8f2bc6a elementor-section-boxed elementor-section-height-default elementor-section-height-default\" data-id=\"8f2bc6a\" data-element_type=\"section\">\n\t\t\t\t\t\t<div class=\"elementor-container elementor-column-gap-default\">\n\t\t\t\t\t\t\t<div class=\"elementor-row\">\n\t\t\t\t\t<div class=\"elementor-column elementor-col-100 elementor-top-column elementor-element elementor-element-06ffc01\" data-id=\"06ffc01\" data-element_type=\"column\">\n\t\t\t<div class=\"elementor-column-wrap elementor-element-populated\">\n\t\t\t\t\t\t\t<div class=\"elementor-widget-wrap\">\n\t\t\t\t\t\t<div class=\"elementor-element elementor-element-104103d elementor-widget elementor-widget-spacer\" data-id=\"104103d\" data-element_type=\"widget\" data-widget_type=\"spacer.default\">\n\t\t\t\t<div class=\"elementor-widget-container\">\n\t\t\t\t\t<div class=\"elementor-spacer\">\n\t\t\t<div class=\"elementor-spacer-inner\"><\/div>\n\t\t<\/div>\n\t\t\t\t<\/div>\n\t\t\t\t<\/div>\n\t\t\t\t\t\t<\/div>\n\t\t\t\t\t<\/div>\n\t\t<\/div>\n\t\t\t\t\t\t\t\t<\/div>\n\t\t\t\t\t<\/div>\n\t\t<\/section>\n\t\t\t\t<section class=\"elementor-section elementor-top-section elementor-element elementor-element-b492949 elementor-section-boxed elementor-section-height-default elementor-section-height-default\" data-id=\"b492949\" data-element_type=\"section\">\n\t\t\t\t\t\t<div class=\"elementor-container elementor-column-gap-default\">\n\t\t\t\t\t\t\t<div class=\"elementor-row\">\n\t\t\t\t\t<div class=\"elementor-column elementor-col-100 elementor-top-column elementor-element elementor-element-f4e847d\" data-id=\"f4e847d\" data-element_type=\"column\">\n\t\t\t<div class=\"elementor-column-wrap elementor-element-populated\">\n\t\t\t\t\t\t\t<div class=\"elementor-widget-wrap\">\n\t\t\t\t\t\t<div class=\"elementor-element elementor-element-3c618ae elementor-widget elementor-widget-text-editor\" data-id=\"3c618ae\" data-element_type=\"widget\" data-widget_type=\"text-editor.default\">\n\t\t\t\t<div class=\"elementor-widget-container\">\n\t\t\t\t\t\t\t\t<div class=\"elementor-text-editor elementor-clearfix\">\n\t\t\t\t<p style=\"margin-bottom: 14px;\">Le contr\u00f4le et la surveillance de l\u2019alimentation sont fondamentaux pour un diab\u00e9tique. L\u2019alimentation repr\u00e9sente un v\u00e9ritable traitement au m\u00eame titre que l\u2019activit\u00e9 physique et les m\u00e9dicaments. La surveillance de l\u2019alimentation permet d\u2019\u00e9viter des modifications importantes de la glyc\u00e9mie et de pr\u00e9venir l\u2019apparition de complications du diab\u00e8te (Cardio-vasculaires, r\u00e9nales, ophtalmiques\u2026).<\/p>\n<p style=\"margin-bottom: 14px;\">D\u2019o\u00f9 l\u2019int\u00e9r\u00eat de r\u00e9aliser un bon suivi nutritionnel adapt\u00e9 \u00e0 chaque type de diab\u00e8te. C\u2019est l\u2019apport calorique, la quantit\u00e9 de glucides contenus dans chaque repas et le nombre de repas quotidiennement pris qui influence les variations des glyc\u00e9mies et qui retentit sur l\u2019\u00e9quilibre glyc\u00e9mique des patients.<\/p>\n\t\t\t\t\t<\/div>\n\t\t\t\t\t\t<\/div>\n\t\t\t\t<\/div>\n\t\t\t\t\t\t<\/div>\n\t\t\t\t\t<\/div>\n\t\t<\/div>\n\t\t\t\t\t\t\t\t<\/div>\n\t\t\t\t\t<\/div>\n\t\t<\/section>\n\t\t\t\t<section class=\"elementor-section elementor-top-section elementor-element elementor-element-f768865 elementor-section-boxed elementor-section-height-default elementor-section-height-default\" data-id=\"f768865\" data-element_type=\"section\" data-settings=\"{&quot;background_background&quot;:&quot;classic&quot;}\">\n\t\t\t\t\t\t<div class=\"elementor-container elementor-column-gap-default\">\n\t\t\t\t\t\t\t<div class=\"elementor-row\">\n\t\t\t\t\t<div class=\"elementor-column elementor-col-100 elementor-top-column elementor-element elementor-element-e9cbbbb\" data-id=\"e9cbbbb\" data-element_type=\"column\">\n\t\t\t<div class=\"elementor-column-wrap elementor-element-populated\">\n\t\t\t\t\t\t\t<div class=\"elementor-widget-wrap\">\n\t\t\t\t\t\t<section class=\"elementor-section elementor-inner-section elementor-element elementor-element-a44bc85 elementor-section-content-middle elementor-section-boxed elementor-section-height-default elementor-section-height-default\" data-id=\"a44bc85\" data-element_type=\"section\" data-settings=\"{&quot;background_background&quot;:&quot;classic&quot;}\">\n\t\t\t\t\t\t<div class=\"elementor-container elementor-column-gap-default\">\n\t\t\t\t\t\t\t<div class=\"elementor-row\">\n\t\t\t\t\t<div class=\"elementor-column elementor-col-33 elementor-inner-column elementor-element elementor-element-4453e7b\" data-id=\"4453e7b\" data-element_type=\"column\" data-settings=\"{&quot;background_background&quot;:&quot;classic&quot;}\">\n\t\t\t<div class=\"elementor-column-wrap elementor-element-populated\">\n\t\t\t\t\t\t\t<div class=\"elementor-widget-wrap\">\n\t\t\t\t\t\t<div class=\"elementor-element elementor-element-fa5e6c1 elementor-widget elementor-widget-spacer\" data-id=\"fa5e6c1\" data-element_type=\"widget\" data-widget_type=\"spacer.default\">\n\t\t\t\t<div class=\"elementor-widget-container\">\n\t\t\t\t\t<div class=\"elementor-spacer\">\n\t\t\t<div class=\"elementor-spacer-inner\"><\/div>\n\t\t<\/div>\n\t\t\t\t<\/div>\n\t\t\t\t<\/div>\n\t\t\t\t<div class=\"elementor-element elementor-element-f4ead5e elementor-widget elementor-widget-wgl-double-headings\" data-id=\"f4ead5e\" data-element_type=\"widget\" data-widget_type=\"wgl-double-headings.default\">\n\t\t\t\t<div class=\"elementor-widget-container\">\n\t\t\t<div class=\"wgl-double_heading aleft\">                <h3 class=\"dbl-title_wrapper\"><span class=\"dbl-title dbl-title_1\">Veuillez remplir la formulaire pour prendre <\/span> <span class=\"dbl-title dbl-title_2\">un rendez-vous<\/span>                 <\/h3>        <\/div>\t\t<\/div>\n\t\t\t\t<\/div>\n\t\t\t\t<div class=\"elementor-element elementor-element-0951793 elementor-widget elementor-widget-spacer\" data-id=\"0951793\" data-element_type=\"widget\" data-widget_type=\"spacer.default\">\n\t\t\t\t<div class=\"elementor-widget-container\">\n\t\t\t\t\t<div class=\"elementor-spacer\">\n\t\t\t<div class=\"elementor-spacer-inner\"><\/div>\n\t\t<\/div>\n\t\t\t\t<\/div>\n\t\t\t\t<\/div>\n\t\t\t\t\t\t<\/div>\n\t\t\t\t\t<\/div>\n\t\t<\/div>\n\t\t\t\t<div class=\"elementor-column elementor-col-66 elementor-inner-column elementor-element elementor-element-0d83631\" data-id=\"0d83631\" data-element_type=\"column\">\n\t\t\t<div class=\"elementor-column-wrap elementor-element-populated\">\n\t\t\t\t\t\t\t<div class=\"elementor-widget-wrap\">\n\t\t\t\t\t\t<div class=\"elementor-element elementor-element-64a2e1e elementor-widget elementor-widget-text-editor\" data-id=\"64a2e1e\" data-element_type=\"widget\" data-widget_type=\"text-editor.default\">\n\t\t\t\t<div class=\"elementor-widget-container\">\n\t\t\t\t\t\t\t\t<div class=\"elementor-text-editor elementor-clearfix\">\n\t\t\t\t<div role=\"form\" class=\"wpcf7\" id=\"wpcf7-f2031-o1\" lang=\"en-US\" dir=\"ltr\">\n<div class=\"screen-reader-response\"><p role=\"status\" aria-live=\"polite\" aria-atomic=\"true\"><\/p> <ul><\/ul><\/div>\n<form action=\"\/beta\/wp-json\/wp\/v2\/pages\/2279#wpcf7-f2031-o1\" method=\"post\" class=\"wpcf7-form init\" novalidate=\"novalidate\" data-status=\"init\">\n<div style=\"display: none;\">\n<input type=\"hidden\" name=\"_wpcf7\" value=\"2031\" \/>\n<input type=\"hidden\" name=\"_wpcf7_version\" value=\"5.5.3\" \/>\n<input type=\"hidden\" name=\"_wpcf7_locale\" value=\"en_US\" \/>\n<input type=\"hidden\" name=\"_wpcf7_unit_tag\" value=\"wpcf7-f2031-o1\" \/>\n<input type=\"hidden\" name=\"_wpcf7_container_post\" value=\"0\" \/>\n<input type=\"hidden\" name=\"_wpcf7_posted_data_hash\" value=\"\" \/>\n<\/div>\n<div class='row choose-1'>\n<div class='wgl_col-4'>\n<span class=\"wpcf7-form-control-wrap nom\"><input type=\"text\" name=\"nom\" value=\"\" size=\"40\" class=\"wpcf7-form-control wpcf7-text\" aria-invalid=\"false\" placeholder=\"Nom et Pr\u00e9nom *\" \/><\/span>\n<\/div>\n<div class='wgl_col-4'>\n<span class=\"wpcf7-form-control-wrap tele\"><input type=\"text\" name=\"tele\" value=\"\" size=\"40\" class=\"wpcf7-form-control wpcf7-text\" aria-invalid=\"false\" placeholder=\"T\u00e9le *\" \/><\/span>\n<\/div>\n<div class='wgl_col-4'>\n<span class=\"wpcf7-form-control-wrap email-613\"><input type=\"email\" name=\"email-613\" value=\"\" size=\"40\" class=\"wpcf7-form-control wpcf7-text wpcf7-email wpcf7-validates-as-email\" aria-invalid=\"false\" placeholder=\"Email *\" \/><\/span>\n<\/div>\n<div class='wgl_col-4'>\n<span class=\"wpcf7-form-control-wrap your-service\"><select name=\"your-service\" class=\"wpcf7-form-control wpcf7-select\" aria-invalid=\"false\"><option value=\"Votre service ?\">Votre service ?<\/option><option value=\"Th\u00e9rapies psychologiques\">Th\u00e9rapies psychologiques<\/option><option value=\"M\u00e9decine douce\">M\u00e9decine douce<\/option><option value=\"Diab\u00e8te\">Diab\u00e8te<\/option><option value=\"Nutrition\">Nutrition<\/option><option value=\"M\u00e9decine g\u00e9n\u00e9rale\">M\u00e9decine g\u00e9n\u00e9rale<\/option><option value=\"L\u2019ob\u00e9sit\u00e9\">L\u2019ob\u00e9sit\u00e9<\/option><\/select><\/span>\n<\/div>\n<div class='wgl_col-4'>\n<span class=\"wpcf7-form-control-wrap book-date\"><input type=\"text\" name=\"book-date\" value=\"\" size=\"40\" class=\"wpcf7-form-control wpcf7-text walcf7-datepicker\" aria-invalid=\"false\" placeholder=\"Date\" \/><\/span>\n<\/div>\n<div class='wgl_col-4'>\n<span class=\"wpcf7-form-control-wrap book-time\"><input type=\"text\" name=\"book-time\" value=\"\" size=\"40\" class=\"wpcf7-form-control wpcf7-text walcf7-timepicker\" aria-invalid=\"false\" placeholder=\"Heure*\" \/><\/span>\n<\/div>\n<div class='wgl_col-12'>\n<input type=\"submit\" value=\"Obtenez votre rendez-vous\" class=\"wpcf7-form-control has-spinner wpcf7-submit\" \/>\n<\/div>\n<\/div>\n<div class=\"wpcf7-response-output\" aria-hidden=\"true\"><\/div><\/form><\/div>\t\t\t\t\t<\/div>\n\t\t\t\t\t\t<\/div>\n\t\t\t\t<\/div>\n\t\t\t\t\t\t<\/div>\n\t\t\t\t\t<\/div>\n\t\t<\/div>\n\t\t\t\t\t\t\t\t<\/div>\n\t\t\t\t\t<\/div>\n\t\t<\/section>\n\t\t\t\t\t\t<\/div>\n\t\t\t\t\t<\/div>\n\t\t<\/div>\n\t\t\t\t\t\t\t\t<\/div>\n\t\t\t\t\t<\/div>\n\t\t<\/section>\n\t\t\t\t\t\t<\/div>\n\t\t\t\t\t\t<\/div>\n\t\t\t\t\t<\/div>\n\t\t","protected":false},"excerpt":{"rendered":"<p>Ce qu&#8217;il faut savoir! Le diab\u00e8te est une maladie chronique qui survient lorsque le pancr\u00e9as ne produit pas assez d\u2019insuline ou lorsque l\u2019organisme n\u2019est pas capable d\u2019utiliser efficacement l\u2019insuline qu\u2019il produit. Il en r\u00e9sulte une concentration accrue de glucose dans le sang (hypoglyc\u00e9mie). Il existe 2 types de diab\u00e8te :Diab\u00e8te type 1 :ou insulinod\u00e9pendant caract\u00e9ris\u00e9 [&hellip;]<\/p>\n","protected":false},"author":1,"featured_media":0,"parent":0,"menu_order":0,"comment_status":"closed","ping_status":"closed","template":"","meta":{"footnotes":""},"class_list":["post-2279","page","type-page","status-publish","hentry"],"_links":{"self":[{"href":"https:\/\/cabinetmasante.ma\/beta\/wp-json\/wp\/v2\/pages\/2279","targetHints":{"allow":["GET"]}}],"collection":[{"href":"https:\/\/cabinetmasante.ma\/beta\/wp-json\/wp\/v2\/pages"}],"about":[{"href":"https:\/\/cabinetmasante.ma\/beta\/wp-json\/wp\/v2\/types\/page"}],"author":[{"embeddable":true,"href":"https:\/\/cabinetmasante.ma\/beta\/wp-json\/wp\/v2\/users\/1"}],"replies":[{"embeddable":true,"href":"https:\/\/cabinetmasante.ma\/beta\/wp-json\/wp\/v2\/comments?post=2279"}],"version-history":[{"count":17,"href":"https:\/\/cabinetmasante.ma\/beta\/wp-json\/wp\/v2\/pages\/2279\/revisions"}],"predecessor-version":[{"id":2452,"href":"https:\/\/cabinetmasante.ma\/beta\/wp-json\/wp\/v2\/pages\/2279\/revisions\/2452"}],"wp:attachment":[{"href":"https:\/\/cabinetmasante.ma\/beta\/wp-json\/wp\/v2\/media?parent=2279"}],"curies":[{"name":"wp","href":"https:\/\/api.w.org\/{rel}","templated":true}]}}